{"id":1083,"date":"2021-12-01T13:42:24","date_gmt":"2021-12-01T12:42:24","guid":{"rendered":"https:\/\/blahalegal.cz\/informace-pro-spotrebitele\/"},"modified":"2022-04-12T21:27:13","modified_gmt":"2022-04-12T19:27:13","slug":"informace-pro-spotrebitele","status":"publish","type":"page","link":"https:\/\/blahalegal.cz\/de\/informace-pro-spotrebitele\/","title":{"rendered":"Verbraucherinformationen\u200b"},"content":{"rendered":"\t\t<div data-elementor-type=\"wp-page\" data-elementor-id=\"1083\" class=\"elementor elementor-1083 elementor-551\" data-elementor-post-type=\"page\">\n\t\t\t\t\t\t<section class=\"elementor-section elementor-top-section elementor-element elementor-element-2728f9b elementor-section-boxed elementor-section-height-default elementor-section-height-default\" data-id=\"2728f9b\" data-element_type=\"section\" data-e-type=\"section\" data-settings=\"{&quot;background_background&quot;:&quot;classic&quot;,&quot;jet_parallax_layout_list&quot;:[{&quot;jet_parallax_layout_image&quot;:{&quot;url&quot;:&quot;&quot;,&quot;id&quot;:&quot;&quot;,&quot;size&quot;:&quot;&quot;},&quot;_id&quot;:&quot;243d863&quot;,&quot;jet_parallax_layout_image_tablet&quot;:{&quot;url&quot;:&quot;&quot;,&quot;id&quot;:&quot;&quot;,&quot;size&quot;:&quot;&quot;},&quot;jet_parallax_layout_image_mobile&quot;:{&quot;url&quot;:&quot;&quot;,&quot;id&quot;:&quot;&quot;,&quot;size&quot;:&quot;&quot;},&quot;jet_parallax_layout_speed&quot;:{&quot;unit&quot;:&quot;%&quot;,&quot;size&quot;:50,&quot;sizes&quot;:[]},&quot;jet_parallax_layout_type&quot;:&quot;scroll&quot;,&quot;jet_parallax_layout_direction&quot;:&quot;1&quot;,&quot;jet_parallax_layout_fx_direction&quot;:null,&quot;jet_parallax_layout_z_index&quot;:&quot;&quot;,&quot;jet_parallax_layout_bg_x&quot;:50,&quot;jet_parallax_layout_bg_x_tablet&quot;:&quot;&quot;,&quot;jet_parallax_layout_bg_x_mobile&quot;:&quot;&quot;,&quot;jet_parallax_layout_bg_y&quot;:50,&quot;jet_parallax_layout_bg_y_tablet&quot;:&quot;&quot;,&quot;jet_parallax_layout_bg_y_mobile&quot;:&quot;&quot;,&quot;jet_parallax_layout_bg_size&quot;:&quot;auto&quot;,&quot;jet_parallax_layout_bg_size_tablet&quot;:&quot;&quot;,&quot;jet_parallax_layout_bg_size_mobile&quot;:&quot;&quot;,&quot;jet_parallax_layout_animation_prop&quot;:&quot;transform&quot;,&quot;jet_parallax_layout_on&quot;:[&quot;desktop&quot;,&quot;tablet&quot;]}]}\">\n\t\t\t\t\t\t\t<div class=\"elementor-background-overlay\"><\/div>\n\t\t\t\t\t\t\t<div class=\"elementor-container elementor-column-gap-default\">\n\t\t\t\t\t<div class=\"elementor-column elementor-col-100 elementor-top-column elementor-element elementor-element-250d253\" data-id=\"250d253\" data-element_type=\"column\" data-e-type=\"column\">\n\t\t\t<div class=\"elementor-widget-wrap elementor-element-populated\">\n\t\t\t\t\t\t<div class=\"elementor-element elementor-element-c68faaf animated-slow elementor-invisible elementor-widget elementor-widget-heading\" data-id=\"c68faaf\" data-element_type=\"widget\" data-e-type=\"widget\" data-settings=\"{&quot;_animation&quot;:&quot;fadeIn&quot;}\" data-widget_type=\"heading.default\">\n\t\t\t\t<div class=\"elementor-widget-container\">\n\t\t\t\t\t<h2 class=\"elementor-heading-title elementor-size-default\">Verbraucherinformationen<\/h2>\t\t\t\t<\/div>\n\t\t\t\t<\/div>\n\t\t\t\t<div class=\"elementor-element elementor-element-c40100f animated-slow elementor-widget-divider--view-line elementor-invisible elementor-widget elementor-widget-divider\" data-id=\"c40100f\" data-element_type=\"widget\" data-e-type=\"widget\" data-settings=\"{&quot;_animation&quot;:&quot;fadeIn&quot;}\" data-widget_type=\"divider.default\">\n\t\t\t\t<div class=\"elementor-widget-container\">\n\t\t\t\t\t\t\t<div class=\"elementor-divider\">\n\t\t\t<span class=\"elementor-divider-separator\">\n\t\t\t\t\t\t<\/span>\n\t\t<\/div>\n\t\t\t\t\t\t<\/div>\n\t\t\t\t<\/div>\n\t\t\t\t<div class=\"elementor-element elementor-element-338e017 animated-slow elementor-invisible elementor-widget elementor-widget-text-editor\" data-id=\"338e017\" data-element_type=\"widget\" data-e-type=\"widget\" data-settings=\"{&quot;_animation&quot;:&quot;fadeIn&quot;}\" data-widget_type=\"text-editor.default\">\n\t\t\t\t<div class=\"elementor-widget-container\">\n\t\t\t\t\t\t\t\t\t<p>Gem\u00e4\u00df Gesetz Nr. 634\/1992 Slg. \u00fcber den Verbraucherschutz in ge\u00e4nderter Fassung ist die Tschechische Rechtsanwaltskammer die zust\u00e4ndige Stelle f\u00fcr die au\u00dfergerichtliche Beilegung von Verbraucherstreitigkeiten, die sich zwischen dem Rechtsanwalt und dem Verbraucher aus einem Vertrag \u00fcber die Erbringung von Rechtsdienstleistungen ergeben. Weitere Informationen \u00fcber die zugelassene Stelle finden Sie unter www.cak.cz.<\/p>\t\t\t\t\t\t\t\t<\/div>\n\t\t\t\t<\/div>\n\t\t\t\t\t<\/div>\n\t\t<\/div>\n\t\t\t\t\t<\/div>\n\t\t<\/section>\n\t\t\t\t<\/div>\n\t\t","protected":false},"excerpt":{"rendered":"<p>Verbraucherinformationen Gem\u00e4\u00df Gesetz Nr. 634\/1992 Slg. \u00fcber den Verbraucherschutz in ge\u00e4nderter Fassung ist die Tschechische Rechtsanwaltskammer die zust\u00e4ndige Stelle f\u00fcr die au\u00dfergerichtliche Beilegung von Verbraucherstreitigkeiten, die sich zwischen dem Rechtsanwalt und dem Verbraucher aus einem Vertrag \u00fcber die Erbringung von Rechtsdienstleistungen ergeben. Weitere Informationen \u00fcber die zugelassene Stelle finden Sie unter www.cak.cz.<\/p>\n","protected":false},"author":1,"featured_media":0,"parent":0,"menu_order":0,"comment_status":"closed","ping_status":"closed","template":"","meta":{"footnotes":""},"class_list":["post-1083","page","type-page","status-publish","hentry"],"yoast_head":"<!-- This site is optimized with the Yoast SEO plugin v27.1.1 - https:\/\/yoast.com\/product\/yoast-seo-wordpress\/ -->\n<title>Verbraucherinformationen\u200b - JUDr. Martin Blaha<\/title>\n<meta name=\"robots\" content=\"index, follow, max-snippet:-1, max-image-preview:large, max-video-preview:-1\" \/>\n<link rel=\"canonical\" href=\"https:\/\/blahalegal.cz\/de\/informace-pro-spotrebitele\/\" \/>\n<meta property=\"og:locale\" content=\"de_DE\" \/>\n<meta property=\"og:type\" content=\"article\" \/>\n<meta property=\"og:title\" content=\"Verbraucherinformationen\u200b - JUDr. Martin Blaha\" \/>\n<meta property=\"og:description\" content=\"Verbraucherinformationen Gem\u00e4\u00df Gesetz Nr. 634\/1992 Slg. \u00fcber den Verbraucherschutz in ge\u00e4nderter Fassung ist die Tschechische Rechtsanwaltskammer die zust\u00e4ndige Stelle f\u00fcr die au\u00dfergerichtliche Beilegung von Verbraucherstreitigkeiten, die sich zwischen dem Rechtsanwalt und dem Verbraucher aus einem Vertrag \u00fcber die Erbringung von Rechtsdienstleistungen ergeben. Weitere Informationen \u00fcber die zugelassene Stelle finden Sie unter www.cak.cz.\" \/>\n<meta property=\"og:url\" content=\"https:\/\/blahalegal.cz\/de\/informace-pro-spotrebitele\/\" \/>\n<meta property=\"og:site_name\" content=\"JUDr. Martin Blaha\" \/>\n<meta property=\"article:modified_time\" content=\"2022-04-12T19:27:13+00:00\" \/>\n<meta name=\"twitter:card\" content=\"summary_large_image\" \/>\n<meta name=\"twitter:label1\" content=\"Gesch\u00e4tzte Lesezeit\" \/>\n\t<meta name=\"twitter:data1\" content=\"1\u00a0Minute\" \/>\n<script type=\"application\/ld+json\" class=\"yoast-schema-graph\">{\"@context\":\"https:\/\/schema.org\",\"@graph\":[{\"@type\":\"WebPage\",\"@id\":\"https:\/\/blahalegal.cz\/de\/informace-pro-spotrebitele\/\",\"url\":\"https:\/\/blahalegal.cz\/de\/informace-pro-spotrebitele\/\",\"name\":\"Verbraucherinformationen\u200b - JUDr. Martin Blaha\",\"isPartOf\":{\"@id\":\"https:\/\/blahalegal.cz\/#website\"},\"datePublished\":\"2021-12-01T12:42:24+00:00\",\"dateModified\":\"2022-04-12T19:27:13+00:00\",\"breadcrumb\":{\"@id\":\"https:\/\/blahalegal.cz\/de\/informace-pro-spotrebitele\/#breadcrumb\"},\"inLanguage\":\"de\",\"potentialAction\":[{\"@type\":\"ReadAction\",\"target\":[\"https:\/\/blahalegal.cz\/de\/informace-pro-spotrebitele\/\"]}]},{\"@type\":\"BreadcrumbList\",\"@id\":\"https:\/\/blahalegal.cz\/de\/informace-pro-spotrebitele\/#breadcrumb\",\"itemListElement\":[{\"@type\":\"ListItem\",\"position\":1,\"name\":\"Dom\u016f\",\"item\":\"https:\/\/blahalegal.cz\/de\/\"},{\"@type\":\"ListItem\",\"position\":2,\"name\":\"Verbraucherinformationen\u200b\"}]},{\"@type\":\"WebSite\",\"@id\":\"https:\/\/blahalegal.cz\/#website\",\"url\":\"https:\/\/blahalegal.cz\/\",\"name\":\"JUDr. Martin Blaha\",\"description\":\"advok\u00e1tn\u00ed kancel\u00e1\u0159\",\"publisher\":{\"@id\":\"https:\/\/blahalegal.cz\/#organization\"},\"potentialAction\":[{\"@type\":\"SearchAction\",\"target\":{\"@type\":\"EntryPoint\",\"urlTemplate\":\"https:\/\/blahalegal.cz\/?s={search_term_string}\"},\"query-input\":{\"@type\":\"PropertyValueSpecification\",\"valueRequired\":true,\"valueName\":\"search_term_string\"}}],\"inLanguage\":\"de\"},{\"@type\":\"Organization\",\"@id\":\"https:\/\/blahalegal.cz\/#organization\",\"name\":\"JUDr. Martin Blaha\",\"url\":\"https:\/\/blahalegal.cz\/\",\"logo\":{\"@type\":\"ImageObject\",\"inLanguage\":\"de\",\"@id\":\"https:\/\/blahalegal.cz\/#\/schema\/logo\/image\/\",\"url\":\"https:\/\/blahalegal.cz\/wp-content\/uploads\/2021\/10\/JUDr.Martin-Blaha-logo-modra-verze-bez-podkladu.png\",\"contentUrl\":\"https:\/\/blahalegal.cz\/wp-content\/uploads\/2021\/10\/JUDr.Martin-Blaha-logo-modra-verze-bez-podkladu.png\",\"width\":1312,\"height\":323,\"caption\":\"JUDr. Martin Blaha\"},\"image\":{\"@id\":\"https:\/\/blahalegal.cz\/#\/schema\/logo\/image\/\"}}]}<\/script>\n<!-- \/ Yoast SEO plugin. -->","yoast_head_json":{"title":"Verbraucherinformationen\u200b - JUDr. Martin Blaha","robots":{"index":"index","follow":"follow","max-snippet":"max-snippet:-1","max-image-preview":"max-image-preview:large","max-video-preview":"max-video-preview:-1"},"canonical":"https:\/\/blahalegal.cz\/de\/informace-pro-spotrebitele\/","og_locale":"de_DE","og_type":"article","og_title":"Verbraucherinformationen\u200b - JUDr. Martin Blaha","og_description":"Verbraucherinformationen Gem\u00e4\u00df Gesetz Nr. 634\/1992 Slg. \u00fcber den Verbraucherschutz in ge\u00e4nderter Fassung ist die Tschechische Rechtsanwaltskammer die zust\u00e4ndige Stelle f\u00fcr die au\u00dfergerichtliche Beilegung von Verbraucherstreitigkeiten, die sich zwischen dem Rechtsanwalt und dem Verbraucher aus einem Vertrag \u00fcber die Erbringung von Rechtsdienstleistungen ergeben. Weitere Informationen \u00fcber die zugelassene Stelle finden Sie unter www.cak.cz.","og_url":"https:\/\/blahalegal.cz\/de\/informace-pro-spotrebitele\/","og_site_name":"JUDr. Martin Blaha","article_modified_time":"2022-04-12T19:27:13+00:00","twitter_card":"summary_large_image","twitter_misc":{"Gesch\u00e4tzte Lesezeit":"1\u00a0Minute"},"schema":{"@context":"https:\/\/schema.org","@graph":[{"@type":"WebPage","@id":"https:\/\/blahalegal.cz\/de\/informace-pro-spotrebitele\/","url":"https:\/\/blahalegal.cz\/de\/informace-pro-spotrebitele\/","name":"Verbraucherinformationen\u200b - JUDr. Martin Blaha","isPartOf":{"@id":"https:\/\/blahalegal.cz\/#website"},"datePublished":"2021-12-01T12:42:24+00:00","dateModified":"2022-04-12T19:27:13+00:00","breadcrumb":{"@id":"https:\/\/blahalegal.cz\/de\/informace-pro-spotrebitele\/#breadcrumb"},"inLanguage":"de","potentialAction":[{"@type":"ReadAction","target":["https:\/\/blahalegal.cz\/de\/informace-pro-spotrebitele\/"]}]},{"@type":"BreadcrumbList","@id":"https:\/\/blahalegal.cz\/de\/informace-pro-spotrebitele\/#breadcrumb","itemListElement":[{"@type":"ListItem","position":1,"name":"Dom\u016f","item":"https:\/\/blahalegal.cz\/de\/"},{"@type":"ListItem","position":2,"name":"Verbraucherinformationen\u200b"}]},{"@type":"WebSite","@id":"https:\/\/blahalegal.cz\/#website","url":"https:\/\/blahalegal.cz\/","name":"JUDr. Martin Blaha","description":"advok\u00e1tn\u00ed kancel\u00e1\u0159","publisher":{"@id":"https:\/\/blahalegal.cz\/#organization"},"potentialAction":[{"@type":"SearchAction","target":{"@type":"EntryPoint","urlTemplate":"https:\/\/blahalegal.cz\/?s={search_term_string}"},"query-input":{"@type":"PropertyValueSpecification","valueRequired":true,"valueName":"search_term_string"}}],"inLanguage":"de"},{"@type":"Organization","@id":"https:\/\/blahalegal.cz\/#organization","name":"JUDr. Martin Blaha","url":"https:\/\/blahalegal.cz\/","logo":{"@type":"ImageObject","inLanguage":"de","@id":"https:\/\/blahalegal.cz\/#\/schema\/logo\/image\/","url":"https:\/\/blahalegal.cz\/wp-content\/uploads\/2021\/10\/JUDr.Martin-Blaha-logo-modra-verze-bez-podkladu.png","contentUrl":"https:\/\/blahalegal.cz\/wp-content\/uploads\/2021\/10\/JUDr.Martin-Blaha-logo-modra-verze-bez-podkladu.png","width":1312,"height":323,"caption":"JUDr. Martin Blaha"},"image":{"@id":"https:\/\/blahalegal.cz\/#\/schema\/logo\/image\/"}}]}},"_links":{"self":[{"href":"https:\/\/blahalegal.cz\/de\/wp-json\/wp\/v2\/pages\/1083","targetHints":{"allow":["GET"]}}],"collection":[{"href":"https:\/\/blahalegal.cz\/de\/wp-json\/wp\/v2\/pages"}],"about":[{"href":"https:\/\/blahalegal.cz\/de\/wp-json\/wp\/v2\/types\/page"}],"author":[{"embeddable":true,"href":"https:\/\/blahalegal.cz\/de\/wp-json\/wp\/v2\/users\/1"}],"replies":[{"embeddable":true,"href":"https:\/\/blahalegal.cz\/de\/wp-json\/wp\/v2\/comments?post=1083"}],"version-history":[{"count":6,"href":"https:\/\/blahalegal.cz\/de\/wp-json\/wp\/v2\/pages\/1083\/revisions"}],"predecessor-version":[{"id":1089,"href":"https:\/\/blahalegal.cz\/de\/wp-json\/wp\/v2\/pages\/1083\/revisions\/1089"}],"wp:attachment":[{"href":"https:\/\/blahalegal.cz\/de\/wp-json\/wp\/v2\/media?parent=1083"}],"curies":[{"name":"wp","href":"https:\/\/api.w.org\/{rel}","templated":true}]}}